{"id":3470,"date":"2017-09-20T21:51:50","date_gmt":"2017-09-20T21:51:50","guid":{"rendered":"http:\/\/efusconference2017.com\/?page_id=3470"},"modified":"2021-10-07T15:16:33","modified_gmt":"2021-10-07T15:16:33","slug":"speakers","status":"publish","type":"page","link":"https:\/\/efus.eu\/efusconference2021\/speakers\/?lang=fr","title":{"rendered":"Intervenants"},"content":{"rendered":"<div class=\"wpb-content-wrapper\">[vc_row][vc_column][vc_text_separator title=&#8221;INTERVENANTS&#8221;][vc_column_text]Le panel des intervenants refl\u00e9tera la diversit\u00e9 des acteurs de la s\u00e9curit\u00e9 et de la vie urbaine. Il comprendra notamment : des \u00e9lus, des agents des administrations locales, nationales et internationales, des universitaires ainsi que des repr\u00e9sentants de la soci\u00e9t\u00e9 civile et du secteur priv\u00e9.<\/p>\n<p>&gt;&gt;&gt; Ci-dessous, la liste des intervenants ayant d\u00e9j\u00e0 transmis leur biographie. Pour en savoir plus sur leur participation dans les sessions pl\u00e9ni\u00e8res, ateliers et sessions parall\u00e8les, merci de consulter le <strong><em><a href=\"https:\/\/efus.eu\/efusconference2021\/programme-2\/?lang=fr\">programme<\/a><\/em><\/strong>.[\/vc_column_text][vc_column_text][\/vc_column_text][\/vc_column][\/vc_row][vc_row][vc_column][vc_basic_grid post_type=&#8221;post&#8221; max_items=&#8221;1000&#8243; element_width=&#8221;3&#8243; orderby=&#8221;title&#8221; order=&#8221;ASC&#8221; item=&#8221;3474&#8243; grid_id=&#8221;vc_gid:1633619668872-a98a21c6-f542-1&#8243; taxonomies=&#8221;57&#8243;][\/vc_column][\/vc_row]\n<\/div>","protected":false},"excerpt":{"rendered":"<p>[vc_row][vc_column][vc_text_separator title=&#8221;INTERVENANTS&#8221;][vc_column_text]Le panel des intervenants refl\u00e9tera la diversit\u00e9 des acteurs de la s\u00e9curit\u00e9 et de la vie urbaine. Il comprendra notamment : des \u00e9lus, des agents des administrations locales, nationales et internationales, des universitaires ainsi que des repr\u00e9sentants de la soci\u00e9t\u00e9 civile et du secteur priv\u00e9. &gt;&gt;&gt; Ci-dessous, la liste des intervenants ayant d\u00e9j\u00e0 transmis leur biographie. Pour en savoir plus sur leur participation dans les sessions pl\u00e9ni\u00e8res, ateliers et sessions parall\u00e8les, merci de consulter le programme.[\/vc_column_text][vc_column_text][\/vc_column_text][\/vc_column][\/vc_row][vc_row][vc_column][vc_basic_grid post_type=&#8221;post&#8221; max_items=&#8221;1000&#8243; element_width=&#8221;3&#8243; orderby=&#8221;title&#8221; order=&#8221;ASC&#8221; item=&#8221;3474&#8243; grid_id=&#8221;vc_gid:1633619668872-a98a21c6-f542-1&#8243; taxonomies=&#8221;57&#8243;][\/vc_column][\/vc_row]<\/p>\n","protected":false},"author":1,"featured_media":0,"parent":0,"menu_order":0,"comment_status":"closed","ping_status":"closed","template":"","meta":{"_acf_changed":false,"footnotes":""},"class_list":["post-3470","page","type-page","status-publish","hentry","entry","post-inner"],"acf":[],"_links":{"self":[{"href":"https:\/\/efus.eu\/efusconference2021\/wp-json\/wp\/v2\/pages\/3470","targetHints":{"allow":["GET"]}}],"collection":[{"href":"https:\/\/efus.eu\/efusconference2021\/wp-json\/wp\/v2\/pages"}],"about":[{"href":"https:\/\/efus.eu\/efusconference2021\/wp-json\/wp\/v2\/types\/page"}],"author":[{"embeddable":true,"href":"https:\/\/efus.eu\/efusconference2021\/wp-json\/wp\/v2\/users\/1"}],"replies":[{"embeddable":true,"href":"https:\/\/efus.eu\/efusconference2021\/wp-json\/wp\/v2\/comments?post=3470"}],"version-history":[{"count":30,"href":"https:\/\/efus.eu\/efusconference2021\/wp-json\/wp\/v2\/pages\/3470\/revisions"}],"predecessor-version":[{"id":5597,"href":"https:\/\/efus.eu\/efusconference2021\/wp-json\/wp\/v2\/pages\/3470\/revisions\/5597"}],"wp:attachment":[{"href":"https:\/\/efus.eu\/efusconference2021\/wp-json\/wp\/v2\/media?parent=3470"}],"curies":[{"name":"wp","href":"https:\/\/api.w.org\/{rel}","templated":true}]}}