{"id":2636,"date":"2017-02-03T14:57:40","date_gmt":"2017-02-03T14:57:40","guid":{"rendered":"http:\/\/efus.eu\/efusconference2021\/?page_id=2636"},"modified":"2021-09-28T11:19:15","modified_gmt":"2021-09-28T11:19:15","slug":"register","status":"publish","type":"page","link":"https:\/\/efus.eu\/efusconference2021\/register\/?lang=fr","title":{"rendered":"Inscription"},"content":{"rendered":"<div class=\"wpb-content-wrapper\">[vc_row][vc_column][vc_row_inner][vc_column_inner][vc_column_text]\n<div class=\"wpb_text_column wpb_content_element \">\n<div class=\"wpb_wrapper\">\n<p>Les inscriptions sont ouvertes ! Veuillez ouvrir le formulaire ci-dessous pour cr\u00e9er votre compte et suivre le processus d&#8217;inscription \u00e9tape par \u00e9tape. Vous pouvez vous inscrire pour l&#8217;ensemble de la conf\u00e9rence ou pour un \/ deux jours.<\/p>\n<p><strong>Tarifs entr\u00e9e \u00e0 l\u2019unit\u00e9 (pour l\u2019int\u00e9gralit\u00e9 de la conf\u00e9rence)<\/strong><\/p>\n<ul>\n<li>Membres de l\u2019Efus : 390 \u20ac<\/li>\n<li>Non-membres : 590 \u20ac<\/li>\n<\/ul>\n<p><strong>Tarifs entr\u00e9e \u00e0 l\u2019unit\u00e9 (par jour)<\/strong><\/p>\n<ul>\n<li>Membres de l\u2019Efus : 190 \u20ac<\/li>\n<li>Non-membres : 270 \u20ac<\/li>\n<\/ul>\n<p><strong>Tarifs groupes de plus de 10 personnes :<\/strong><\/p>\n<ul>\n<li>10% de discount : 350\u20ac (membres) et 530\u20ac (non-membres) pour les 3 jours<\/li>\n<\/ul>\n<p>Tarifs pour le d\u00eener de la conf\u00e9rence :<\/p>\n<ul>\n<li>50 \u20ac par participant, dans la limite des places disponibles<\/li>\n<li>50 \u20ac pour toute personne accompagnante (max. 1 accompagnant par participant) dans la limite des places disponibles<\/li>\n<\/ul>\n<p>Gr\u00e2ce \u00e0 l&#8217;engagement de la Ville h\u00f4te de Nice, nous sommes en mesure de proposer des tarifs soigneusement ajust\u00e9s afin de faciliter l&#8217;acc\u00e8s au plus grand nombre de participants.<\/p>\n<p>&nbsp;<\/p>\n<\/div>\n<p>&gt;&gt;&gt; Une fois l&#8217;inscription finalis\u00e9e, vous pourrez r\u00e9cup\u00e9rer votre facture directement via votre espace personnel.<\/p>\n<\/div>\n[\/vc_column_text][\/vc_column_inner][\/vc_row_inner][\/vc_column][\/vc_row][vc_row][vc_column width=&#8221;1\/2&#8243;][vc_btn title=&#8221;Inscription&#8221; size=&#8221;lg&#8221; align=&#8221;center&#8221; css_animation=&#8221;appear&#8221; link=&#8221;url:https%3A%2F%2Fwww.eventime.fr%2FCommunityPortal%2FRegistration%2FEFUS2021.aspx%3FregistrantID%3Dd3aee062-7f2f-4d0a-8faa-b1a140dd6293&#8243; el_class=&#8221;bleu&#8221; css=&#8221;.vc_custom_1626884077863{background-color: #303b7e !important;}&#8221;][\/vc_column][vc_column width=&#8221;1\/2&#8243;][vc_btn title=&#8221;Acc\u00e8s \u00e0 mon espace personnel&#8221; size=&#8221;lg&#8221; align=&#8221;center&#8221; css_animation=&#8221;appear&#8221; link=&#8221;url:https%3A%2F%2Fwww.eventime.fr%2FCommunityPortal%2FProgressivePortal%2FEFUS2021%2FApp%2FViews%2FInformationPage%2FView.aspx%3FInformationPageID%3D120&#8243; el_class=&#8221;bleu&#8221; css=&#8221;.vc_custom_1626883791227{background-color: #303b7e !important;}&#8221;][\/vc_column][\/vc_row][vc_row][vc_column][vc_message]<strong>La date limite pour les inscriptions (1er octobre \u00e0 minuit) a \u00e9t\u00e9 repouss\u00e9e, vous pouvez encore vous inscrire !<br \/>\n<\/strong>[\/vc_message][\/vc_column][\/vc_row][vc_row][vc_column][vc_column_text]\n[\/vc_column_text][\/vc_column][\/vc_row][vc_row][vc_column][vc_column_text]\n<h3><strong>Inscription de groupe<br \/>\n<\/strong><\/h3>\n[\/vc_column_text][vc_row_inner][vc_column_inner width=&#8221;2\/3&#8243;][vc_empty_space height=&#8221;8px&#8221;][vc_column_text]L&#8217;inscription de groupe est destin\u00e9e \u00e0 toute personne en charge d\u2019inscription pour le compte d\u2019une tierce personne et qui peut potentiellement avoir d\u2019autres personnes \u00e0 inscrire par la suite.[\/vc_column_text][\/vc_column_inner][vc_column_inner width=&#8221;1\/3&#8243;][vc_btn title=&#8221;Comment s&#8217;inscrire en tant que groupe&#8221; size=&#8221;lg&#8221; align=&#8221;center&#8221; css_animation=&#8221;appear&#8221; button_block=&#8221;true&#8221; link=&#8221;url:https%3A%2F%2Fefus.eu%2Fefusconference2021%2Fwp-content%2Fuploads%2Fsites%2F11%2F2021%2F07%2FProcessus-Groupe-FR.pdf&#8221; css=&#8221;.vc_custom_1629985732779{background-color: #303b7e !important;}&#8221; el_class=&#8221;bleu&#8221;][\/vc_column_inner][\/vc_row_inner][\/vc_column][\/vc_row][vc_row][vc_column][vc_column_text]\n<h2><strong>Information pratiques<\/strong><\/h2>\n[\/vc_column_text][vc_row_inner][vc_column_inner][vc_column_text]\n<h4><strong>L&#8217;inscription comprend :<\/strong><\/h4>\n<ul>\n<li>Les pauses caf\u00e9 (boissons, p\u00e2tisseries)<\/li>\n<li>Le d\u00e9jeuner de jeudi et vendredi<\/li>\n<li>Sessions focus<\/li>\n<li>Acc\u00e8s \u00e0 la zone de r\u00e9seautage et d&#8217;exposition<\/li>\n<\/ul>\n[\/vc_column_text][vc_empty_space height=&#8221;16px&#8221;][vc_column_text]\n<h4><strong>Conditions d&#8217;annulation :<\/strong><\/h4>\n<p>Toute modification\/annulation doit \u00eatre notifi\u00e9e par e-mail \u00e0 Eventime julie.grillet@eventime-group.com.<\/p>\n<ul>\n<li><strong>Jusqu&#8217;au 30 ao\u00fbt (inclus) :<\/strong> 50% de remboursement, les frais administratifs seront retenus.<\/li>\n<li><strong>A partir du 31 ao\u00fbt :<\/strong> aucun remboursement<\/li>\n<\/ul>\n<p><strong>En cas de report, si vous ne souhaitez pas reporter votre inscription, des frais administratifs de 50 \u20ac seront retenus sur votre remboursement.<\/strong>[\/vc_column_text][vc_empty_space height=&#8221;16px&#8221;][vc_column_text]\n<h4><strong>Moyens de paiement :<\/strong><u><\/u><u><\/u><\/h4>\n<ul type=\"disc\">\n<li><b><span lang=\"EN-US\">Par carte de cr\u00e9dit <\/span><\/b><span lang=\"EN-US\">en ligne : Visa and Mastercard<\/span><u><\/u><u><\/u><\/li>\n<li><b><span lang=\"EN-US\">Par virement bancaire<\/span><\/b><span lang=\"EN-US\">\u00a0<\/span><span lang=\"EN-US\"><br \/>\nBNP PARIBAS<br \/>\nIBAN : FR76 3000 4026 5900 0100 5866 756<br \/>\nSWIFT\/BIC : BNPAFRPPXXX<\/span><\/li>\n<\/ul>\n<p>Tout paiement par virement bancaire entra\u00eene des frais bancaires de 25 \u20ac.[\/vc_column_text][vc_empty_space height=&#8221;16px&#8221;][vc_column_text]La <strong>photo<\/strong> est obligatoire pour des raisons de s\u00e9curit\u00e9. Elle doit \u00eatre t\u00e9l\u00e9charg\u00e9e lors de l&#8217;inscription, sinon l&#8217;inscription ne pourra pas \u00eatre valid\u00e9e.[\/vc_column_text][\/vc_column_inner][\/vc_row_inner][\/vc_column][\/vc_row]\n<\/div>","protected":false},"excerpt":{"rendered":"<p>[vc_row][vc_column][vc_row_inner][vc_column_inner][vc_column_text] Les inscriptions sont ouvertes ! Veuillez ouvrir le formulaire ci-dessous pour cr\u00e9er votre compte et suivre le processus d&#8217;inscription \u00e9tape par \u00e9tape. Vous pouvez vous inscrire pour l&#8217;ensemble de la conf\u00e9rence ou pour un \/ deux jours. Tarifs entr\u00e9e \u00e0 l\u2019unit\u00e9 (pour l\u2019int\u00e9gralit\u00e9 de la conf\u00e9rence) Membres de l\u2019Efus : 390 \u20ac Non-membres : 590 \u20ac Tarifs entr\u00e9e \u00e0 l\u2019unit\u00e9 (par jour) Membres de l\u2019Efus : 190 \u20ac Non-membres : 270 \u20ac Tarifs groupes de plus de 10 personnes : 10% de discount : 350\u20ac (membres) et 530\u20ac (non-membres) pour les 3 jours Tarifs pour le d\u00eener de la conf\u00e9rence : 50 \u20ac par participant, dans la limite des places disponibles 50 \u20ac pour toute personne accompagnante (max. 1 accompagnant par participant) dans la limite des places disponibles Gr\u00e2ce \u00e0 l&#8217;engagement de la Ville h\u00f4te de Nice, nous sommes en mesure de proposer des tarifs soigneusement ajust\u00e9s afin de faciliter l&#8217;acc\u00e8s au plus grand nombre de participants. &nbsp; &gt;&gt;&gt; Une fois l&#8217;inscription finalis\u00e9e, vous pourrez r\u00e9cup\u00e9rer votre facture directement via votre espace personnel. [\/vc_column_text][\/vc_column_inner][\/vc_row_inner][\/vc_column][\/vc_row][vc_row][vc_column width=&#8221;1\/2&#8243;][vc_btn title=&#8221;Inscription&#8221; size=&#8221;lg&#8221; align=&#8221;center&#8221; css_animation=&#8221;appear&#8221; link=&#8221;url:https%3A%2F%2Fwww.eventime.fr%2FCommunityPortal%2FRegistration%2FEFUS2021.aspx%3FregistrantID%3Dd3aee062-7f2f-4d0a-8faa-b1a140dd6293&#8243; el_class=&#8221;bleu&#8221; css=&#8221;.vc_custom_1626884077863{background-color: #303b7e !important;}&#8221;][\/vc_column][vc_column width=&#8221;1\/2&#8243;][vc_btn title=&#8221;Acc\u00e8s \u00e0 mon espace personnel&#8221; size=&#8221;lg&#8221; align=&#8221;center&#8221; css_animation=&#8221;appear&#8221; link=&#8221;url:https%3A%2F%2Fwww.eventime.fr%2FCommunityPortal%2FProgressivePortal%2FEFUS2021%2FApp%2FViews%2FInformationPage%2FView.aspx%3FInformationPageID%3D120&#8243; el_class=&#8221;bleu&#8221; css=&#8221;.vc_custom_1626883791227{background-color: #303b7e !important;}&#8221;][\/vc_column][\/vc_row][vc_row][vc_column][vc_message]La date limite pour les inscriptions (1er octobre \u00e0 minuit) a \u00e9t\u00e9 repouss\u00e9e, vous pouvez encore vous inscrire ! [\/vc_message][\/vc_column][\/vc_row][vc_row][vc_column][vc_column_text] [\/vc_column_text][\/vc_column][\/vc_row][vc_row][vc_column][vc_column_text] Inscription de groupe [\/vc_column_text][vc_row_inner][vc_column_inner width=&#8221;2\/3&#8243;][vc_empty_space height=&#8221;8px&#8221;][vc_column_text]L&#8217;inscription de groupe est destin\u00e9e \u00e0 toute personne en charge d\u2019inscription pour le compte d\u2019une tierce personne et qui peut potentiellement avoir d\u2019autres personnes \u00e0 inscrire par la suite.[\/vc_column_text][\/vc_column_inner][vc_column_inner width=&#8221;1\/3&#8243;][vc_btn title=&#8221;Comment s&#8217;inscrire en tant que groupe&#8221; size=&#8221;lg&#8221; align=&#8221;center&#8221; css_animation=&#8221;appear&#8221; button_block=&#8221;true&#8221; link=&#8221;url:https%3A%2F%2Fefus.eu%2Fefusconference2021%2Fwp-content%2Fuploads%2Fsites%2F11%2F2021%2F07%2FProcessus-Groupe-FR.pdf&#8221; css=&#8221;.vc_custom_1629985732779{background-color: #303b7e !important;}&#8221; el_class=&#8221;bleu&#8221;][\/vc_column_inner][\/vc_row_inner][\/vc_column][\/vc_row][vc_row][vc_column][vc_column_text] Information pratiques [\/vc_column_text][vc_row_inner][vc_column_inner][vc_column_text] L&#8217;inscription comprend : Les pauses caf\u00e9 (boissons, p\u00e2tisseries) Le d\u00e9jeuner de jeudi et vendredi Sessions focus Acc\u00e8s \u00e0 la zone de r\u00e9seautage et d&#8217;exposition [\/vc_column_text][vc_empty_space height=&#8221;16px&#8221;][vc_column_text] Conditions d&#8217;annulation : Toute modification\/annulation doit \u00eatre notifi\u00e9e par e-mail \u00e0 Eventime julie.grillet@eventime-group.com. Jusqu&#8217;au 30 ao\u00fbt (inclus) : 50% de remboursement, les frais administratifs seront retenus. A partir du 31 ao\u00fbt : aucun remboursement En cas de report, si vous ne souhaitez pas reporter votre inscription, des frais administratifs de 50 \u20ac seront retenus sur votre remboursement.[\/vc_column_text][vc_empty_space height=&#8221;16px&#8221;][vc_column_text] Moyens de paiement : Par carte de cr\u00e9dit en ligne : Visa and Mastercard Par virement bancaire\u00a0 BNP PARIBAS IBAN : FR76 3000 4026 5900 0100 5866 756 SWIFT\/BIC : BNPAFRPPXXX Tout paiement par virement bancaire entra\u00eene des frais bancaires de 25 \u20ac.[\/vc_column_text][vc_empty_space height=&#8221;16px&#8221;][vc_column_text]La photo est obligatoire pour des raisons de s\u00e9curit\u00e9. Elle doit \u00eatre t\u00e9l\u00e9charg\u00e9e lors de l&#8217;inscription, sinon l&#8217;inscription ne pourra pas \u00eatre valid\u00e9e.[\/vc_column_text][\/vc_column_inner][\/vc_row_inner][\/vc_column][\/vc_row]<\/p>\n","protected":false},"author":1,"featured_media":0,"parent":0,"menu_order":0,"comment_status":"closed","ping_status":"closed","template":"","meta":{"_acf_changed":false,"footnotes":""},"class_list":["post-2636","page","type-page","status-publish","hentry","entry","post-inner"],"acf":[],"_links":{"self":[{"href":"https:\/\/efus.eu\/efusconference2021\/wp-json\/wp\/v2\/pages\/2636","targetHints":{"allow":["GET"]}}],"collection":[{"href":"https:\/\/efus.eu\/efusconference2021\/wp-json\/wp\/v2\/pages"}],"about":[{"href":"https:\/\/efus.eu\/efusconference2021\/wp-json\/wp\/v2\/types\/page"}],"author":[{"embeddable":true,"href":"https:\/\/efus.eu\/efusconference2021\/wp-json\/wp\/v2\/users\/1"}],"replies":[{"embeddable":true,"href":"https:\/\/efus.eu\/efusconference2021\/wp-json\/wp\/v2\/comments?post=2636"}],"version-history":[{"count":22,"href":"https:\/\/efus.eu\/efusconference2021\/wp-json\/wp\/v2\/pages\/2636\/revisions"}],"predecessor-version":[{"id":5382,"href":"https:\/\/efus.eu\/efusconference2021\/wp-json\/wp\/v2\/pages\/2636\/revisions\/5382"}],"wp:attachment":[{"href":"https:\/\/efus.eu\/efusconference2021\/wp-json\/wp\/v2\/media?parent=2636"}],"curies":[{"name":"wp","href":"https:\/\/api.w.org\/{rel}","templated":true}]}}