{"id":2453,"date":"2016-12-26T11:30:51","date_gmt":"2016-12-26T11:30:51","guid":{"rendered":"http:\/\/efus.eu\/efusconference2021\/about-the-conference\/"},"modified":"2021-12-07T16:07:54","modified_gmt":"2021-12-07T16:07:54","slug":"accueil","status":"publish","type":"page","link":"https:\/\/efus.eu\/efusconference2021\/accueil\/?lang=fr","title":{"rendered":"Accueil"},"content":{"rendered":"<div class=\"wpb-content-wrapper\">[vc_row full_width=&#8221;stretch_row&#8221; css=&#8221;.vc_custom_1500997692283{background-color: #ffffff !important;}&#8221; el_class=&#8221;top&#8221;][vc_column width=&#8221;2\/3&#8243;][vc_text_separator title=&#8221;\u00c0 propos de la conf\u00e9rence&#8221;][vc_column_text el_class=&#8221;blanc&#8221;]<span style=\"font-weight: 400; color: #303b7e;\"> Internationale et interdisciplinaire, la conf\u00e9rence <em>S\u00e9curit\u00e9, D\u00e9mocratie et Villes<\/em> 2021 \u00e9tait organis\u00e9e par le <strong>Forum europ\u00e9en pour la s\u00e9curit\u00e9 urbaine (Efus)<\/strong>\u00a0\u00e0<strong>\u00a0Nice<\/strong>. <\/span><span style=\"font-weight: 400;\"><br \/>\n<\/span><span style=\"font-weight: 400;\"><br \/>\n<\/span><span style=\"font-weight: 400; color: #303b7e;\">Unique dans son domaine, cet \u00e9v\u00e9nement, organis\u00e9 tous les trois\/cinq ans, s\u2019adresse \u00e0 tous les acteurs de la s\u00e9curit\u00e9 urbaine : <strong>\u00e9lus, agents territoriaux, administration d&#8217;\u00c9tat, magistrats, forces de s\u00e9curit\u00e9, travailleurs sociaux, chercheurs, repr\u00e9sentants du secteur priv\u00e9 et acteurs de la soci\u00e9t\u00e9 civile.\u00a0<\/strong><\/span>[\/vc_column_text][vc_empty_space height=&#8221;20px&#8221;][vc_text_separator title=&#8221;Actualit\u00e9s&#8221;][vc_row_inner][vc_column_inner width=&#8221;1\/2&#8243;][vc_single_image image=&#8221;5827&#8243; img_size=&#8221;full&#8221; onclick=&#8221;link_image&#8221;][\/vc_column_inner][vc_column_inner width=&#8221;1\/2&#8243;][vc_single_image image=&#8221;5829&#8243; img_size=&#8221;full&#8221; onclick=&#8221;link_image&#8221;][\/vc_column_inner][\/vc_row_inner][vc_row_inner][vc_column_inner width=&#8221;1\/2&#8243;][vc_single_image image=&#8221;5823&#8243; img_size=&#8221;full&#8221; onclick=&#8221;link_image&#8221;][\/vc_column_inner][vc_column_inner width=&#8221;1\/2&#8243;][vc_single_image image=&#8221;5825&#8243; img_size=&#8221;full&#8221; onclick=&#8221;link_image&#8221;][\/vc_column_inner][\/vc_row_inner][vc_row_inner][vc_column_inner width=&#8221;1\/2&#8243;][vc_single_image image=&#8221;5554&#8243; img_size=&#8221;full&#8221; onclick=&#8221;link_image&#8221;][\/vc_column_inner][vc_column_inner width=&#8221;1\/2&#8243;][vc_single_image image=&#8221;5556&#8243; img_size=&#8221;full&#8221; onclick=&#8221;link_image&#8221;][\/vc_column_inner][\/vc_row_inner][vc_row_inner][vc_column_inner width=&#8221;1\/2&#8243;][vc_single_image image=&#8221;5166&#8243; img_size=&#8221;full&#8221; onclick=&#8221;link_image&#8221;][\/vc_column_inner][vc_column_inner width=&#8221;1\/2&#8243;][vc_video link=&#8221;https:\/\/www.youtube.com\/watch?v=NxpRPHnBb7I&amp;t=4s&#8221;][\/vc_column_inner][\/vc_row_inner][vc_row_inner][vc_column_inner width=&#8221;1\/2&#8243;][vc_single_image image=&#8221;5261&#8243; img_size=&#8221;full&#8221; onclick=&#8221;link_image&#8221;][\/vc_column_inner][vc_column_inner width=&#8221;1\/2&#8243;][vc_single_image image=&#8221;5263&#8243; img_size=&#8221;full&#8221; onclick=&#8221;link_image&#8221;][\/vc_column_inner][\/vc_row_inner][vc_empty_space height=&#8221;20px&#8221;][vc_text_separator title=&#8221;Organisateurs&#8221;][vc_empty_space height=&#8221;20&#8243;][vc_row_inner][vc_column_inner width=&#8221;1\/2&#8243;][vc_single_image image=&#8221;2465&#8243; img_size=&#8221;medium&#8221; alignment=&#8221;center&#8221; onclick=&#8221;custom_link&#8221; link=&#8221;http:\/\/efus.eu&#8221;][\/vc_column_inner][vc_column_inner width=&#8221;1\/2&#8243;][vc_empty_space height=&#8221;35px&#8221;][vc_empty_space height=&#8221;35px&#8221;][vc_single_image image=&#8221;4561&#8243; img_size=&#8221;medium&#8221; alignment=&#8221;center&#8221; onclick=&#8221;custom_link&#8221; link=&#8221;http:\/\/www.nice.fr\/fr\/&#8221;][\/vc_column_inner][\/vc_row_inner][vc_text_separator title=&#8221;Patronage&#8221;][vc_empty_space height=&#8221;20&#8243;][vc_column_text]Sous les patronages du <strong>Comit\u00e9 europ\u00e9en des r\u00e9gions<\/strong>, du<strong> Parlement europ\u00e9en<\/strong> et d&#8217;<strong>Elisa Ferreira<\/strong>, Commissaire \u00e0 la Coh\u00e9sion et aux R\u00e9formes, et sous les auspices de <strong>Marija Pej\u010dinovi\u0107 Buri\u0107<\/strong>, Secr\u00e9taire G\u00e9n\u00e9rale du Conseil de l&#8217;Europe.[\/vc_column_text][vc_row_inner][vc_column_inner width=&#8221;1\/2&#8243;][vc_single_image image=&#8221;5042&#8243; alignment=&#8221;center&#8221; onclick=&#8221;custom_link&#8221; link=&#8221;https:\/\/cor.europa.eu\/fr\/&#8221;][\/vc_column_inner][vc_column_inner width=&#8221;1\/2&#8243;][vc_single_image image=&#8221;5258&#8243; img_size=&#8221;full&#8221; alignment=&#8221;center&#8221; onclick=&#8221;custom_link&#8221; link=&#8221;https:\/\/www.europarl.europa.eu\/portal\/fr&#8221;][\/vc_column_inner][\/vc_row_inner][vc_row_inner][vc_column_inner width=&#8221;1\/2&#8243;][vc_single_image image=&#8221;5126&#8243; alignment=&#8221;center&#8221; onclick=&#8221;custom_link&#8221; link=&#8221;https:\/\/ec.europa.eu\/commission\/commissioners\/2019-2024\/ferreira_en&#8221;][\/vc_column_inner][vc_column_inner width=&#8221;1\/2&#8243;][vc_single_image image=&#8221;5039&#8243; alignment=&#8221;center&#8221; onclick=&#8221;custom_link&#8221; link=&#8221;https:\/\/www.coe.int\/fr\/web\/secretary-general\/biography&#8221;][\/vc_column_inner][\/vc_row_inner][\/vc_column][vc_column width=&#8221;1\/3&#8243;][vc_column_text]\n<p style=\"text-align: center;\">#sdc2021 &#8211; @efusnews<\/p>\n[\/vc_column_text][vc_raw_html]JTNDYSUyMGNsYXNzJTNEJTIydHdpdHRlci10aW1lbGluZSUyMiUyMGhyZWYlM0QlMjJodHRwcyUzQSUyRiUyRnR3aXR0ZXIuY29tJTJGRWZ1c25ld3MlM0ZyZWZfc3JjJTNEdHdzcmMlMjU1RXRmdyUyMiUzRVR3ZWV0cyUyMGJ5JTIwRWZ1c25ld3MlM0MlMkZhJTNFJTIwJTNDc2NyaXB0JTIwYXN5bmMlMjBzcmMlM0QlMjJodHRwcyUzQSUyRiUyRnBsYXRmb3JtLnR3aXR0ZXIuY29tJTJGd2lkZ2V0cy5qcyUyMiUyMGNoYXJzZXQlM0QlMjJ1dGYtOCUyMiUzRSUzQyUyRnNjcmlwdCUzRSUyMA==[\/vc_raw_html][\/vc_column][\/vc_row]\n<\/div>","protected":false},"excerpt":{"rendered":"<p>[vc_row full_width=&#8221;stretch_row&#8221; css=&#8221;.vc_custom_1500997692283{background-color: #ffffff !important;}&#8221; el_class=&#8221;top&#8221;][vc_column width=&#8221;2\/3&#8243;][vc_text_separator title=&#8221;\u00c0 propos de la conf\u00e9rence&#8221;][vc_column_text el_class=&#8221;blanc&#8221;] Internationale et interdisciplinaire, la conf\u00e9rence S\u00e9curit\u00e9, D\u00e9mocratie et Villes 2021 \u00e9tait organis\u00e9e par le Forum europ\u00e9en pour la s\u00e9curit\u00e9 urbaine (Efus)\u00a0\u00e0\u00a0Nice. Unique dans son domaine, cet \u00e9v\u00e9nement, organis\u00e9 tous les trois\/cinq ans, s\u2019adresse \u00e0 tous les acteurs de la s\u00e9curit\u00e9 urbaine : \u00e9lus, agents territoriaux, administration d&#8217;\u00c9tat, magistrats, forces de s\u00e9curit\u00e9, travailleurs sociaux, chercheurs, repr\u00e9sentants du secteur priv\u00e9 et acteurs de la soci\u00e9t\u00e9 civile.\u00a0[\/vc_column_text][vc_empty_space height=&#8221;20px&#8221;][vc_text_separator title=&#8221;Actualit\u00e9s&#8221;][vc_row_inner][vc_column_inner width=&#8221;1\/2&#8243;][vc_single_image image=&#8221;5827&#8243; img_size=&#8221;full&#8221; onclick=&#8221;link_image&#8221;][\/vc_column_inner][vc_column_inner width=&#8221;1\/2&#8243;][vc_single_image image=&#8221;5829&#8243; img_size=&#8221;full&#8221; onclick=&#8221;link_image&#8221;][\/vc_column_inner][\/vc_row_inner][vc_row_inner][vc_column_inner width=&#8221;1\/2&#8243;][vc_single_image image=&#8221;5823&#8243; img_size=&#8221;full&#8221; onclick=&#8221;link_image&#8221;][\/vc_column_inner][vc_column_inner width=&#8221;1\/2&#8243;][vc_single_image image=&#8221;5825&#8243; img_size=&#8221;full&#8221; onclick=&#8221;link_image&#8221;][\/vc_column_inner][\/vc_row_inner][vc_row_inner][vc_column_inner width=&#8221;1\/2&#8243;][vc_single_image image=&#8221;5554&#8243; img_size=&#8221;full&#8221; onclick=&#8221;link_image&#8221;][\/vc_column_inner][vc_column_inner width=&#8221;1\/2&#8243;][vc_single_image image=&#8221;5556&#8243; img_size=&#8221;full&#8221; onclick=&#8221;link_image&#8221;][\/vc_column_inner][\/vc_row_inner][vc_row_inner][vc_column_inner width=&#8221;1\/2&#8243;][vc_single_image image=&#8221;5166&#8243; img_size=&#8221;full&#8221; onclick=&#8221;link_image&#8221;][\/vc_column_inner][vc_column_inner width=&#8221;1\/2&#8243;][vc_video link=&#8221;https:\/\/www.youtube.com\/watch?v=NxpRPHnBb7I&amp;t=4s&#8221;][\/vc_column_inner][\/vc_row_inner][vc_row_inner][vc_column_inner width=&#8221;1\/2&#8243;][vc_single_image image=&#8221;5261&#8243; img_size=&#8221;full&#8221; onclick=&#8221;link_image&#8221;][\/vc_column_inner][vc_column_inner width=&#8221;1\/2&#8243;][vc_single_image image=&#8221;5263&#8243; img_size=&#8221;full&#8221; onclick=&#8221;link_image&#8221;][\/vc_column_inner][\/vc_row_inner][vc_empty_space height=&#8221;20px&#8221;][vc_text_separator title=&#8221;Organisateurs&#8221;][vc_empty_space height=&#8221;20&#8243;][vc_row_inner][vc_column_inner width=&#8221;1\/2&#8243;][vc_single_image image=&#8221;2465&#8243; img_size=&#8221;medium&#8221; alignment=&#8221;center&#8221; onclick=&#8221;custom_link&#8221; link=&#8221;http:\/\/efus.eu&#8221;][\/vc_column_inner][vc_column_inner width=&#8221;1\/2&#8243;][vc_empty_space height=&#8221;35px&#8221;][vc_empty_space height=&#8221;35px&#8221;][vc_single_image image=&#8221;4561&#8243; img_size=&#8221;medium&#8221; alignment=&#8221;center&#8221; onclick=&#8221;custom_link&#8221; link=&#8221;http:\/\/www.nice.fr\/fr\/&#8221;][\/vc_column_inner][\/vc_row_inner][vc_text_separator title=&#8221;Patronage&#8221;][vc_empty_space height=&#8221;20&#8243;][vc_column_text]Sous les patronages du Comit\u00e9 europ\u00e9en des r\u00e9gions, du Parlement europ\u00e9en et d&#8217;Elisa Ferreira, Commissaire \u00e0 la Coh\u00e9sion et aux R\u00e9formes, et sous les auspices de Marija Pej\u010dinovi\u0107 Buri\u0107, Secr\u00e9taire G\u00e9n\u00e9rale du Conseil de l&#8217;Europe.[\/vc_column_text][vc_row_inner][vc_column_inner width=&#8221;1\/2&#8243;][vc_single_image image=&#8221;5042&#8243; alignment=&#8221;center&#8221; onclick=&#8221;custom_link&#8221; link=&#8221;https:\/\/cor.europa.eu\/fr\/&#8221;][\/vc_column_inner][vc_column_inner width=&#8221;1\/2&#8243;][vc_single_image image=&#8221;5258&#8243; img_size=&#8221;full&#8221; alignment=&#8221;center&#8221; onclick=&#8221;custom_link&#8221; link=&#8221;https:\/\/www.europarl.europa.eu\/portal\/fr&#8221;][\/vc_column_inner][\/vc_row_inner][vc_row_inner][vc_column_inner width=&#8221;1\/2&#8243;][vc_single_image image=&#8221;5126&#8243; alignment=&#8221;center&#8221; onclick=&#8221;custom_link&#8221; link=&#8221;https:\/\/ec.europa.eu\/commission\/commissioners\/2019-2024\/ferreira_en&#8221;][\/vc_column_inner][vc_column_inner width=&#8221;1\/2&#8243;][vc_single_image image=&#8221;5039&#8243; alignment=&#8221;center&#8221; onclick=&#8221;custom_link&#8221; link=&#8221;https:\/\/www.coe.int\/fr\/web\/secretary-general\/biography&#8221;][\/vc_column_inner][\/vc_row_inner][\/vc_column][vc_column width=&#8221;1\/3&#8243;][vc_column_text] #sdc2021 &#8211; @efusnews [\/vc_column_text][vc_raw_html]JTNDYSUyMGNsYXNzJTNEJTIydHdpdHRlci10aW1lbGluZSUyMiUyMGhyZWYlM0QlMjJodHRwcyUzQSUyRiUyRnR3aXR0ZXIuY29tJTJGRWZ1c25ld3MlM0ZyZWZfc3JjJTNEdHdzcmMlMjU1RXRmdyUyMiUzRVR3ZWV0cyUyMGJ5JTIwRWZ1c25ld3MlM0MlMkZhJTNFJTIwJTNDc2NyaXB0JTIwYXN5bmMlMjBzcmMlM0QlMjJodHRwcyUzQSUyRiUyRnBsYXRmb3JtLnR3aXR0ZXIuY29tJTJGd2lkZ2V0cy5qcyUyMiUyMGNoYXJzZXQlM0QlMjJ1dGYtOCUyMiUzRSUzQyUyRnNjcmlwdCUzRSUyMA==[\/vc_raw_html][\/vc_column][\/vc_row]<\/p>\n","protected":false},"author":1,"featured_media":0,"parent":0,"menu_order":0,"comment_status":"closed","ping_status":"closed","template":"","meta":{"_acf_changed":false,"footnotes":""},"class_list":["post-2453","page","type-page","status-publish","hentry","entry","post-inner"],"acf":[],"_links":{"self":[{"href":"https:\/\/efus.eu\/efusconference2021\/wp-json\/wp\/v2\/pages\/2453","targetHints":{"allow":["GET"]}}],"collection":[{"href":"https:\/\/efus.eu\/efusconference2021\/wp-json\/wp\/v2\/pages"}],"about":[{"href":"https:\/\/efus.eu\/efusconference2021\/wp-json\/wp\/v2\/types\/page"}],"author":[{"embeddable":true,"href":"https:\/\/efus.eu\/efusconference2021\/wp-json\/wp\/v2\/users\/1"}],"replies":[{"embeddable":true,"href":"https:\/\/efus.eu\/efusconference2021\/wp-json\/wp\/v2\/comments?post=2453"}],"version-history":[{"count":25,"href":"https:\/\/efus.eu\/efusconference2021\/wp-json\/wp\/v2\/pages\/2453\/revisions"}],"predecessor-version":[{"id":6198,"href":"https:\/\/efus.eu\/efusconference2021\/wp-json\/wp\/v2\/pages\/2453\/revisions\/6198"}],"wp:attachment":[{"href":"https:\/\/efus.eu\/efusconference2021\/wp-json\/wp\/v2\/media?parent=2453"}],"curies":[{"name":"wp","href":"https:\/\/api.w.org\/{rel}","templated":true}]}}